{"id":4920,"date":"2025-01-22T20:16:02","date_gmt":"2025-01-22T18:16:02","guid":{"rendered":"https:\/\/trollkom.no\/om-trollkom\/"},"modified":"2025-11-28T20:14:49","modified_gmt":"2025-11-28T18:14:49","slug":"om-trollkom","status":"publish","type":"page","link":"https:\/\/trollkom.no\/da\/om-trollkom\/","title":{"rendered":"Om TrollKom"},"content":{"rendered":"<p>TrollKom blev etableret under navnet Safe Zone AS i 2019 med en klar vision om at v\u00e6re en ledende akt\u00f8r inden for teknologiske l\u00f8sninger til sikkerhed, effektivitet og l\u00f8nsomhed. Fra f\u00f8rste dag har vores fokus v\u00e6ret at v\u00e6re p\u00e5 forkant med den teknologiske udvikling, og vi har kontinuerligt udviklet os for at im\u00f8dekomme de stadigt skiftende behov i industrien.<\/p>\n<p>Med tiden er TrollKom vokset til et koncern med tre selskaber: <strong>TrollKom<\/strong> som moderselskab, <strong>TrollKom Anlegg<\/strong>, en fullservice-partner for mine- og byggeindustrien, og <strong>TrollKom AB<\/strong>, vores svenske datterselskab, der betjener det svenske marked.<\/p>\n<p>Vores m\u00e5l er enkelt: At g\u00f8re din arbejdsdag mere sikker og effektiv, samtidig med at vi forbedrer driftens l\u00f8nsomhed. Med TrollKom f\u00e5r du mere end blot teknologi \u2013 du f\u00e5r en partner, der s\u00e6tter din virksomhed i f\u00f8rers\u00e6det, s\u00e5 du er forberedt p\u00e5 fremtidens udfordringer og muligheder.<\/p>\n<p>Uanset om det handler om at implementere autonome k\u00f8ret\u00f8jer i kr\u00e6vende milj\u00f8er, sikre s\u00f8ml\u00f8s kommunikation under kr\u00e6vende forhold, eller optimere arbejdsgangen i kritiske situationer, er TrollKom altid klar med p\u00e5lidelige og innovative l\u00f8sninger.<\/p>\n<p>Vi siger ofte, at TrollKom er som magi \u2013 vi skaber l\u00f8sninger, der n\u00e6sten f\u00f8les magiske, fordi de kombinerer avanceret teknologi med en dyb forst\u00e5else for vores kunders behov. N\u00e5r du v\u00e6lger TrollKom, v\u00e6lger du mere end blot teknologi \u2013 du v\u00e6lger fremtidst\u00e6nkning og en sikker vej mod succes.<\/p>\n","protected":false},"excerpt":{"rendered":"<p>TrollKom blev etableret under navnet Safe Zone AS i 2019 med en klar vision om at v\u00e6re en ledende akt\u00f8r [&hellip;]<\/p>\n","protected":false},"author":1,"featured_media":0,"parent":0,"menu_order":0,"comment_status":"closed","ping_status":"closed","template":"","meta":{"_uag_custom_page_level_css":"","site-sidebar-layout":"default","site-content-layout":"","ast-site-content-layout":"default","site-content-style":"default","site-sidebar-style":"default","ast-global-header-display":"","ast-banner-title-visibility":"","ast-main-header-display":"","ast-hfb-above-header-display":"","ast-hfb-below-header-display":"","ast-hfb-mobile-header-display":"","site-post-title":"","ast-breadcrumbs-content":"","ast-featured-img":"","footer-sml-layout":"","ast-disable-related-posts":"","theme-transparent-header-meta":"default","adv-header-id-meta":"","stick-header-meta":"default","header-above-stick-meta":"","header-main-stick-meta":"","header-below-stick-meta":"","astra-migrate-meta-layouts":"set","ast-page-background-enabled":"default","ast-page-background-meta":{"desktop":{"background-color":"var(--ast-global-color-4)","background-image":"","background-repeat":"repeat","background-position":"center center","background-size":"auto","background-attachment":"scroll","background-type":"","background-media":"","overlay-type":"","overlay-color":"","overlay-opacity":"","overlay-gradient":""},"tablet":{"background-color":"","background-image":"","background-repeat":"repeat","background-position":"center center","background-size":"auto","background-attachment":"scroll","background-type":"","background-media":"","overlay-type":"","overlay-color":"","overlay-opacity":"","overlay-gradient":""},"mobile":{"background-color":"","background-image":"","background-repeat":"repeat","background-position":"center center","background-size":"auto","background-attachment":"scroll","background-type":"","background-media":"","overlay-type":"","overlay-color":"","overlay-opacity":"","overlay-gradient":""}},"ast-content-background-meta":{"desktop":{"background-color":"var(--ast-global-color-5)","background-image":"","background-repeat":"repeat","background-position":"center center","background-size":"auto","background-attachment":"scroll","background-type":"","background-media":"","overlay-type":"","overlay-color":"","overlay-opacity":"","overlay-gradient":""},"tablet":{"background-color":"var(--ast-global-color-5)","background-image":"","background-repeat":"repeat","background-position":"center center","background-size":"auto","background-attachment":"scroll","background-type":"","background-media":"","overlay-type":"","overlay-color":"","overlay-opacity":"","overlay-gradient":""},"mobile":{"background-color":"var(--ast-global-color-5)","background-image":"","background-repeat":"repeat","background-position":"center center","background-size":"auto","background-attachment":"scroll","background-type":"","background-media":"","overlay-type":"","overlay-color":"","overlay-opacity":"","overlay-gradient":""}},"footnotes":""},"class_list":["post-4920","page","type-page","status-publish","hentry"],"uagb_featured_image_src":{"full":false,"thumbnail":false,"medium":false,"medium_large":false,"large":false,"1536x1536":false,"2048x2048":false,"resolution-4x3-2560x1920":false,"resolution-4x3-2560x1920-x2":false,"resolution-4x3-285x214":false,"resolution-4x3-285x214-x2":false,"resolution-4x3-372x279":false,"resolution-4x3-372x279-x2":false,"resolution-16x9-2560x1440":false,"resolution-16x9-2560x1440-x2":false,"resolution-16x9-381x214":false,"resolution-16x9-381x214-x2":false,"resolution-16x9-369x208":false,"resolution-16x9-369x208-x2":false,"resolution-1x1-78x78":false,"resolution-1x1-78x78-x2":false,"resolution-1x1-93x93":false,"resolution-1x1-93x93-x2":false,"resolution-1x1-94x94":false,"resolution-1x1-94x94-x2":false,"resolution-1x1-100x100":false,"resolution-1x1-100x100-x2":false},"uagb_author_info":{"display_name":"Anad","author_link":"https:\/\/trollkom.no\/da\/author\/misam\/"},"uagb_comment_info":0,"uagb_excerpt":"TrollKom blev etableret under navnet Safe Zone AS i 2019 med en klar vision om at v\u00e6re en ledende akt\u00f8r [&hellip;]","_links":{"self":[{"href":"https:\/\/trollkom.no\/da\/wp-json\/wp\/v2\/pages\/4920","targetHints":{"allow":["GET"]}}],"collection":[{"href":"https:\/\/trollkom.no\/da\/wp-json\/wp\/v2\/pages"}],"about":[{"href":"https:\/\/trollkom.no\/da\/wp-json\/wp\/v2\/types\/page"}],"author":[{"embeddable":true,"href":"https:\/\/trollkom.no\/da\/wp-json\/wp\/v2\/users\/1"}],"replies":[{"embeddable":true,"href":"https:\/\/trollkom.no\/da\/wp-json\/wp\/v2\/comments?post=4920"}],"version-history":[{"count":1,"href":"https:\/\/trollkom.no\/da\/wp-json\/wp\/v2\/pages\/4920\/revisions"}],"predecessor-version":[{"id":5815,"href":"https:\/\/trollkom.no\/da\/wp-json\/wp\/v2\/pages\/4920\/revisions\/5815"}],"wp:attachment":[{"href":"https:\/\/trollkom.no\/da\/wp-json\/wp\/v2\/media?parent=4920"}],"curies":[{"name":"wp","href":"https:\/\/api.w.org\/{rel}","templated":true}]}}