{"id":4918,"date":"2025-01-22T20:16:02","date_gmt":"2025-01-22T18:16:02","guid":{"rendered":"https:\/\/trollkom.no\/referenceprojekter\/"},"modified":"2026-03-04T12:33:23","modified_gmt":"2026-03-04T10:33:23","slug":"referenceprojekter","status":"publish","type":"page","link":"https:\/\/trollkom.no\/da\/referenceprojekter\/","title":{"rendered":"Referenceprojekter"},"content":{"rendered":"<div class=\"relative w-full my-4\">\n<div class=\"\">\n<div class=\"relative\">\n<div class=\"h-full min-h-0 min-w-0\">\n<div class=\"h-full min-h-0 min-w-0\">\n<div class=\"border border-token-border-light border-radius-3xl corner-superellipse\/1.1 rounded-3xl\">\n<div class=\"h-full w-full border-radius-3xl bg-token-bg-elevated-secondary corner-superellipse\/1.1 overflow-clip rounded-3xl lxnfua_clipPathFallback\">\n<div class=\"pt-3\">\n<div class=\"relative z-0 flex max-w-full\">\n<div id=\"code-block-viewer\" class=\"q9tKkq_viewer cm-editor z-10 light:cm-light dark:cm-light flex h-full w-full flex-col items-stretch \u037cs \u037c16\" dir=\"ltr\">\n<div class=\"cm-scroller\">\n<p class=\"cm-content q9tKkq_readonly\"><span style=\"font-size: 16px;\">Selv i kr\u00e6vende milj\u00f8er og topografier som undervandstunneler, miner, fjeldomr\u00e5der og offshoreinstallationer leverer TrollKom stabil kommunikation og robuste netv\u00e6rksl\u00f8sninger baseret p\u00e5 WiFi, RTLS og radiosamband.<\/span><\/p>\n<p>Her finder du et udvalg af vores referenceprojekter inden for tr\u00e5dl\u00f8s kommunikation, WiFi og RTLS i tunnel- og anl\u00e6gsprojekter i Norden.<\/p>\n<\/div>\n<\/div>\n<\/div>\n<\/div>\n<\/div>\n<\/div>\n<\/div>\n<\/div>\n<\/div>\n<\/div>\n<\/div>\n","protected":false},"excerpt":{"rendered":"<p>Vi kan trygt sige, at vi leverer markedets enkleste og mest stabile netv\u00e6rksl\u00f8sninger.<\/p>\n","protected":false},"author":1,"featured_media":0,"parent":0,"menu_order":0,"comment_status":"closed","ping_status":"closed","template":"","meta":{"_uag_custom_page_level_css":"","site-sidebar-layout":"default","site-content-layout":"","ast-site-content-layout":"default","site-content-style":"default","site-sidebar-style":"default","ast-global-header-display":"","ast-banner-title-visibility":"","ast-main-header-display":"","ast-hfb-above-header-display":"","ast-hfb-below-header-display":"","ast-hfb-mobile-header-display":"","site-post-title":"","ast-breadcrumbs-content":"","ast-featured-img":"","footer-sml-layout":"","ast-disable-related-posts":"","theme-transparent-header-meta":"default","adv-header-id-meta":"","stick-header-meta":"default","header-above-stick-meta":"","header-main-stick-meta":"","header-below-stick-meta":"","astra-migrate-meta-layouts":"set","ast-page-background-enabled":"default","ast-page-background-meta":{"desktop":{"background-color":"var(--ast-global-color-4)","background-image":"","background-repeat":"repeat","background-position":"center center","background-size":"auto","background-attachment":"scroll","background-type":"","background-media":"","overlay-type":"","overlay-color":"","overlay-opacity":"","overlay-gradient":""},"tablet":{"background-color":"","background-image":"","background-repeat":"repeat","background-position":"center center","background-size":"auto","background-attachment":"scroll","background-type":"","background-media":"","overlay-type":"","overlay-color":"","overlay-opacity":"","overlay-gradient":""},"mobile":{"background-color":"","background-image":"","background-repeat":"repeat","background-position":"center center","background-size":"auto","background-attachment":"scroll","background-type":"","background-media":"","overlay-type":"","overlay-color":"","overlay-opacity":"","overlay-gradient":""}},"ast-content-background-meta":{"desktop":{"background-color":"var(--ast-global-color-5)","background-image":"","background-repeat":"repeat","background-position":"center center","background-size":"auto","background-attachment":"scroll","background-type":"","background-media":"","overlay-type":"","overlay-color":"","overlay-opacity":"","overlay-gradient":""},"tablet":{"background-color":"var(--ast-global-color-5)","background-image":"","background-repeat":"repeat","background-position":"center center","background-size":"auto","background-attachment":"scroll","background-type":"","background-media":"","overlay-type":"","overlay-color":"","overlay-opacity":"","overlay-gradient":""},"mobile":{"background-color":"var(--ast-global-color-5)","background-image":"","background-repeat":"repeat","background-position":"center center","background-size":"auto","background-attachment":"scroll","background-type":"","background-media":"","overlay-type":"","overlay-color":"","overlay-opacity":"","overlay-gradient":""}},"footnotes":""},"class_list":["post-4918","page","type-page","status-publish","hentry"],"uagb_featured_image_src":{"full":false,"thumbnail":false,"medium":false,"medium_large":false,"large":false,"1536x1536":false,"2048x2048":false,"resolution-4x3-2560x1920":false,"resolution-4x3-2560x1920-x2":false,"resolution-4x3-285x214":false,"resolution-4x3-285x214-x2":false,"resolution-4x3-372x279":false,"resolution-4x3-372x279-x2":false,"resolution-16x9-2560x1440":false,"resolution-16x9-2560x1440-x2":false,"resolution-16x9-381x214":false,"resolution-16x9-381x214-x2":false,"resolution-16x9-369x208":false,"resolution-16x9-369x208-x2":false,"resolution-1x1-78x78":false,"resolution-1x1-78x78-x2":false,"resolution-1x1-93x93":false,"resolution-1x1-93x93-x2":false,"resolution-1x1-94x94":false,"resolution-1x1-94x94-x2":false,"resolution-1x1-100x100":false,"resolution-1x1-100x100-x2":false},"uagb_author_info":{"display_name":"Anad","author_link":"https:\/\/trollkom.no\/da\/author\/misam\/"},"uagb_comment_info":0,"uagb_excerpt":"Vi kan trygt sige, at vi leverer markedets enkleste og mest stabile netv\u00e6rksl\u00f8sninger.","_links":{"self":[{"href":"https:\/\/trollkom.no\/da\/wp-json\/wp\/v2\/pages\/4918","targetHints":{"allow":["GET"]}}],"collection":[{"href":"https:\/\/trollkom.no\/da\/wp-json\/wp\/v2\/pages"}],"about":[{"href":"https:\/\/trollkom.no\/da\/wp-json\/wp\/v2\/types\/page"}],"author":[{"embeddable":true,"href":"https:\/\/trollkom.no\/da\/wp-json\/wp\/v2\/users\/1"}],"replies":[{"embeddable":true,"href":"https:\/\/trollkom.no\/da\/wp-json\/wp\/v2\/comments?post=4918"}],"version-history":[{"count":2,"href":"https:\/\/trollkom.no\/da\/wp-json\/wp\/v2\/pages\/4918\/revisions"}],"predecessor-version":[{"id":6339,"href":"https:\/\/trollkom.no\/da\/wp-json\/wp\/v2\/pages\/4918\/revisions\/6339"}],"wp:attachment":[{"href":"https:\/\/trollkom.no\/da\/wp-json\/wp\/v2\/media?parent=4918"}],"curies":[{"name":"wp","href":"https:\/\/api.w.org\/{rel}","templated":true}]}}