{"id":4917,"date":"2025-01-22T20:16:02","date_gmt":"2025-01-22T18:16:02","guid":{"rendered":"https:\/\/trollkom.no\/traadloes-mobilitet-uden-graenser\/"},"modified":"2025-11-28T20:18:24","modified_gmt":"2025-11-28T18:18:24","slug":"traadloes-mobilitet-uden-graenser","status":"publish","type":"page","link":"https:\/\/trollkom.no\/da\/","title":{"rendered":"Tr\u00e5dl\u00f8s mobilitet uden gr\u00e6nser"},"content":{"rendered":"","protected":false},"excerpt":{"rendered":"<p>Vores avancerede l\u00f8sninger inden for Kinetic Mesh, RTLS og IoT sikrer p\u00e5lidelig kommunikation, h\u00f8jere sikkerhed samt forbedret effektivitet og l\u00f8nsomhed i arbejdsmilj\u00f8er med h\u00f8je krav.<\/p>\n","protected":false},"author":1,"featured_media":4658,"parent":0,"menu_order":0,"comment_status":"closed","ping_status":"closed","template":"","meta":{"_uag_custom_page_level_css":"","site-sidebar-layout":"no-sidebar","site-content-layout":"","ast-site-content-layout":"full-width-container","site-content-style":"default","site-sidebar-style":"default","ast-global-header-display":"","ast-banner-title-visibility":"","ast-main-header-display":"","ast-hfb-above-header-display":"","ast-hfb-below-header-display":"","ast-hfb-mobile-header-display":"","site-post-title":"","ast-breadcrumbs-content":"","ast-featured-img":"disabled","footer-sml-layout":"","ast-disable-related-posts":"","theme-transparent-header-meta":"default","adv-header-id-meta":"","stick-header-meta":"default","header-above-stick-meta":"","header-main-stick-meta":"","header-below-stick-meta":"","astra-migrate-meta-layouts":"set","ast-page-background-enabled":"default","ast-page-background-meta":{"desktop":{"background-color":"var(--ast-global-color-4)","background-image":"","background-repeat":"repeat","background-position":"center center","background-size":"auto","background-attachment":"scroll","background-type":"","background-media":"","overlay-type":"","overlay-color":"","overlay-opacity":"","overlay-gradient":""},"tablet":{"background-color":"","background-image":"","background-repeat":"repeat","background-position":"center center","background-size":"auto","background-attachment":"scroll","background-type":"","background-media":"","overlay-type":"","overlay-color":"","overlay-opacity":"","overlay-gradient":""},"mobile":{"background-color":"","background-image":"","background-repeat":"repeat","background-position":"center center","background-size":"auto","background-attachment":"scroll","background-type":"","background-media":"","overlay-type":"","overlay-color":"","overlay-opacity":"","overlay-gradient":""}},"ast-content-background-meta":{"desktop":{"background-color":"var(--ast-global-color-5)","background-image":"","background-repeat":"repeat","background-position":"center center","background-size":"auto","background-attachment":"scroll","background-type":"","background-media":"","overlay-type":"","overlay-color":"","overlay-opacity":"","overlay-gradient":""},"tablet":{"background-color":"var(--ast-global-color-5)","background-image":"","background-repeat":"repeat","background-position":"center center","background-size":"auto","background-attachment":"scroll","background-type":"","background-media":"","overlay-type":"","overlay-color":"","overlay-opacity":"","overlay-gradient":""},"mobile":{"background-color":"var(--ast-global-color-5)","background-image":"","background-repeat":"repeat","background-position":"center center","background-size":"auto","background-attachment":"scroll","background-type":"","background-media":"","overlay-type":"","overlay-color":"","overlay-opacity":"","overlay-gradient":""}},"footnotes":""},"class_list":["post-4917","page","type-page","status-publish","has-post-thumbnail","hentry"],"uagb_featured_image_src":{"full":["https:\/\/trollkom.no\/wp-content\/uploads\/2024\/11\/iStock-1156271991.jpg",2001,1499,false],"thumbnail":["https:\/\/trollkom.no\/wp-content\/uploads\/2024\/11\/iStock-1156271991-150x150.jpg",150,150,true],"medium":["https:\/\/trollkom.no\/wp-content\/uploads\/2024\/11\/iStock-1156271991-300x225.jpg",300,225,true],"medium_large":["https:\/\/trollkom.no\/wp-content\/uploads\/2024\/11\/iStock-1156271991-768x575.jpg",768,575,true],"large":["https:\/\/trollkom.no\/wp-content\/uploads\/2024\/11\/iStock-1156271991.jpg",2001,1499,false],"1536x1536":["https:\/\/trollkom.no\/wp-content\/uploads\/2024\/11\/iStock-1156271991-1536x1151.jpg",1536,1151,true],"2048x2048":["https:\/\/trollkom.no\/wp-content\/uploads\/2024\/11\/iStock-1156271991.jpg",2001,1499,false],"resolution-4x3-2560x1920":["https:\/\/trollkom.no\/wp-content\/uploads\/2024\/11\/iStock-1156271991.jpg",2001,1499,false],"resolution-4x3-2560x1920-x2":["https:\/\/trollkom.no\/wp-content\/uploads\/2024\/11\/iStock-1156271991-1999x1499.jpg",1999,1499,true],"resolution-4x3-285x214":["https:\/\/trollkom.no\/wp-content\/uploads\/2024\/11\/iStock-1156271991-285x213.jpg",285,213,true],"resolution-4x3-285x214-x2":["https:\/\/trollkom.no\/wp-content\/uploads\/2024\/11\/iStock-1156271991-570x427.jpg",570,427,true],"resolution-4x3-372x279":["https:\/\/trollkom.no\/wp-content\/uploads\/2024\/11\/iStock-1156271991-372x279.jpg",372,279,true],"resolution-4x3-372x279-x2":["https:\/\/trollkom.no\/wp-content\/uploads\/2024\/11\/iStock-1156271991-744x558.jpg",744,558,true],"resolution-16x9-2560x1440":["https:\/\/trollkom.no\/wp-content\/uploads\/2024\/11\/iStock-1156271991-2001x1440.jpg",2001,1440,true],"resolution-16x9-2560x1440-x2":["https:\/\/trollkom.no\/wp-content\/uploads\/2024\/11\/iStock-1156271991-1999x1124.jpg",1999,1124,true],"resolution-16x9-381x214":["https:\/\/trollkom.no\/wp-content\/uploads\/2024\/11\/iStock-1156271991-381x214.jpg",381,214,true],"resolution-16x9-381x214-x2":["https:\/\/trollkom.no\/wp-content\/uploads\/2024\/11\/iStock-1156271991-762x428.jpg",762,428,true],"resolution-16x9-369x208":["https:\/\/trollkom.no\/wp-content\/uploads\/2024\/11\/iStock-1156271991-369x207.jpg",369,207,true],"resolution-16x9-369x208-x2":["https:\/\/trollkom.no\/wp-content\/uploads\/2024\/11\/iStock-1156271991-738x415.jpg",738,415,true],"resolution-1x1-78x78":["https:\/\/trollkom.no\/wp-content\/uploads\/2024\/11\/iStock-1156271991-78x78.jpg",78,78,true],"resolution-1x1-78x78-x2":["https:\/\/trollkom.no\/wp-content\/uploads\/2024\/11\/iStock-1156271991-156x156.jpg",156,156,true],"resolution-1x1-93x93":["https:\/\/trollkom.no\/wp-content\/uploads\/2024\/11\/iStock-1156271991-92x92.jpg",92,92,true],"resolution-1x1-93x93-x2":["https:\/\/trollkom.no\/wp-content\/uploads\/2024\/11\/iStock-1156271991-185x185.jpg",185,185,true],"resolution-1x1-94x94":["https:\/\/trollkom.no\/wp-content\/uploads\/2024\/11\/iStock-1156271991-93x93.jpg",93,93,true],"resolution-1x1-94x94-x2":["https:\/\/trollkom.no\/wp-content\/uploads\/2024\/11\/iStock-1156271991-187x187.jpg",187,187,true],"resolution-1x1-100x100":["https:\/\/trollkom.no\/wp-content\/uploads\/2024\/11\/iStock-1156271991-100x100.jpg",100,100,true],"resolution-1x1-100x100-x2":["https:\/\/trollkom.no\/wp-content\/uploads\/2024\/11\/iStock-1156271991-200x200.jpg",200,200,true]},"uagb_author_info":{"display_name":"Anad","author_link":"https:\/\/trollkom.no\/da\/author\/misam\/"},"uagb_comment_info":0,"uagb_excerpt":"Vores avancerede l\u00f8sninger inden for Kinetic Mesh, RTLS og IoT sikrer p\u00e5lidelig kommunikation, h\u00f8jere sikkerhed samt forbedret effektivitet og l\u00f8nsomhed i arbejdsmilj\u00f8er med h\u00f8je krav.","_links":{"self":[{"href":"https:\/\/trollkom.no\/da\/wp-json\/wp\/v2\/pages\/4917","targetHints":{"allow":["GET"]}}],"collection":[{"href":"https:\/\/trollkom.no\/da\/wp-json\/wp\/v2\/pages"}],"about":[{"href":"https:\/\/trollkom.no\/da\/wp-json\/wp\/v2\/types\/page"}],"author":[{"embeddable":true,"href":"https:\/\/trollkom.no\/da\/wp-json\/wp\/v2\/users\/1"}],"replies":[{"embeddable":true,"href":"https:\/\/trollkom.no\/da\/wp-json\/wp\/v2\/comments?post=4917"}],"version-history":[{"count":1,"href":"https:\/\/trollkom.no\/da\/wp-json\/wp\/v2\/pages\/4917\/revisions"}],"predecessor-version":[{"id":5812,"href":"https:\/\/trollkom.no\/da\/wp-json\/wp\/v2\/pages\/4917\/revisions\/5812"}],"wp:featuredmedia":[{"embeddable":true,"href":"https:\/\/trollkom.no\/da\/wp-json\/wp\/v2\/media\/4658"}],"wp:attachment":[{"href":"https:\/\/trollkom.no\/da\/wp-json\/wp\/v2\/media?parent=4917"}],"curies":[{"name":"wp","href":"https:\/\/api.w.org\/{rel}","templated":true}]}}